{"id":2585,"date":"2024-06-13T07:57:59","date_gmt":"2024-06-13T07:57:59","guid":{"rendered":"https:\/\/caldeolive.com\/avviso-legale\/"},"modified":"2026-02-02T17:02:22","modified_gmt":"2026-02-02T17:02:22","slug":"avviso-legale","status":"publish","type":"page","link":"https:\/\/caldeolive.com\/it\/avviso-legale\/","title":{"rendered":"Avviso legale"},"content":{"rendered":"\t\t<div data-elementor-type=\"wp-page\" data-elementor-id=\"2585\" class=\"elementor elementor-2585 elementor-44\" data-elementor-post-type=\"page\">\n\t\t\t\t<div class=\"elementor-element elementor-element-9865362 e-flex e-con-boxed e-con e-parent\" data-id=\"9865362\" data-element_type=\"container\">\n\t\t\t\t\t<div class=\"e-con-inner\">\n\t\t\t\t<div class=\"elementor-element elementor-element-432306c elementor-widget elementor-widget-heading\" data-id=\"432306c\" data-element_type=\"widget\" data-widget_type=\"heading.default\">\n\t\t\t\t<div class=\"elementor-widget-container\">\n\t\t\t<h2 class=\"elementor-heading-title elementor-size-default\">Avviso legale<\/h2>\t\t<\/div>\n\t\t\t\t<\/div>\n\t\t\t\t<div class=\"elementor-element elementor-element-79ff32d elementor-widget elementor-widget-text-editor\" data-id=\"79ff32d\" data-element_type=\"widget\" data-widget_type=\"text-editor.default\">\n\t\t\t\t<div class=\"elementor-widget-container\">\n\t\t\t\t\t\t\t<p><b>1) Identit\u00e0 del proprietario del sito web<\/b><\/p>\n<p>L&#8217;identit\u00e0 e altre informazioni sulla societ\u00e0 proprietaria del sito web sono riportate nella sezione &#8220;Informazioni&#8221;, accessibile dalla HomePage di questo sito web. Di seguito, si far\u00e0 riferimento alla societ\u00e0 per indicare la societ\u00e0 proprietaria del sito web. <\/p>\n<p><b>2) Accettazione dei Termini d&#8217;uso<\/b><\/p>\n<p>Lo scopo delle presenti condizioni (di seguito denominate &#8220;Avviso Legale&#8221;) \u00e8 quello di regolamentare l&#8217;utilizzo di questo sito web, che l&#8217;azienda mette a disposizione del pubblico a questo URL.<\/p>\n<p>L&#8217;utilizzo del sito web da parte di terzi conferisce la condizione di Utente e implica la piena accettazione da parte di tale Utente di tutte le condizioni incluse nel presente Avviso Legale.<\/p>\n<p>L&#8217;azienda pu\u00f2 offrire, attraverso il sito web, servizi o prodotti che possono essere soggetti a condizioni particolari che, a seconda dei casi, sostituiscono, completano e\/o modificano le presenti condizioni e di cui l&#8217;Utente sar\u00e0 informato in ogni caso specifico.<\/p>\n<p><b>3) Utilizzo corretto del sito web<\/b><\/p>\n<p>L&#8217;Utente si impegna a utilizzare il sito web, i suoi contenuti e i suoi servizi nel rispetto della Legge, del presente Avviso Legale, delle buone abitudini e dell&#8217;ordine pubblico. Allo stesso modo, l&#8217;Utente si impegna a non utilizzare il sito web o i servizi forniti attraverso di esso per scopi o effetti illegali o contrari al contenuto del presente Avviso Legale, lesivi degli interessi o dei diritti di terzi, o che possano in qualsiasi modo danneggiare, rendere inutilizzabile o deteriorare il sito web o i suoi servizi, o impedire il normale utilizzo del sito web da parte di altri Utenti. <\/p>\n<p>Allo stesso modo, l&#8217;Utente si impegna espressamente a non distruggere, alterare, rendere inutilizzabili o danneggiare in qualsiasi altro modo i dati, i programmi o i documenti elettronici e altri che possono essere trovati sul sito web dell&#8217;azienda.<\/p>\n<p>L&#8217;Utente si impegna a non ostacolare l&#8217;accesso di altri utenti mediante il consumo massiccio delle risorse informatiche attraverso le quali l&#8217;azienda fornisce il servizio, o a compiere azioni che danneggino, interrompano o generino errori in questi sistemi.<\/p>\n<p>L&#8217;Utente si impegna a non introdurre programmi, virus, macro, applet, controlli ActiveX o qualsiasi altro dispositivo logico o sequenza di caratteri che provochi o possa provocare qualsiasi tipo di alterazione nei sistemi informatici dell&#8217;azienda o di terzi.<\/p>\n<p><b>4) Pubblicit\u00e0<\/b><\/p>\n<p>Parte del sito web pu\u00f2 contenere contenuti pubblicitari o essere sponsorizzata. Gli inserzionisti e gli sponsor sono gli unici responsabili di garantire che il materiale inviato per l&#8217;inclusione nel sito web sia conforme alle leggi vigenti. L&#8217;azienda non sar\u00e0 responsabile di eventuali errori, imprecisioni o irregolarit\u00e0 che potrebbero essere contenuti nella pubblicit\u00e0 o nei contenuti sponsorizzati.  <\/p>\n<p>In ogni caso, per presentare qualsiasi reclamo relativo ai contenuti pubblicitari inseriti in questo sito web, ti invitiamo a contattare il seguente indirizzo e-mail: info@caldeolive.com<\/p>\n<p><b>5) Propriet\u00e0 intellettuale e industriale<\/b><\/p>\n<p>Tutti i contenuti del sito web, se non diversamente indicato, sono di propriet\u00e0 esclusiva dell&#8217;azienda, compresi, ma non solo, il design grafico, il codice sorgente, i loghi, i testi, la grafica, le illustrazioni, le fotografie e gli altri elementi che compaiono sul sito web.<\/p>\n<p>Allo stesso modo, tutti i nomi commerciali, i marchi o i segni distintivi di qualsiasi tipo contenuti nel sito web sono protetti dalla legge.<\/p>\n<p>L&#8217;azienda non concede alcun tipo di licenza o autorizzazione per uso personale all&#8217;Utente sui propri diritti di propriet\u00e0 intellettuale e industriale o su qualsiasi altro diritto relativo al proprio sito web e ai servizi in esso offerti.<\/p>\n<p>Pertanto, l&#8217;Utente riconosce che la riproduzione, la distribuzione, la commercializzazione, la trasformazione e, in generale, qualsiasi altra forma di sfruttamento, con qualsiasi procedura, di tutti o parte dei contenuti di questo sito web costituisce una violazione dei diritti di propriet\u00e0 intellettuale e\/o industriale della societ\u00e0 o del proprietario degli stessi.<\/p>\n<p><b>6) Regime di responsabilit\u00e0<\/b><\/p>\n<p><b>6.1. Responsabilit\u00e0 per l&#8217;utilizzo del Sito Web<\/b><\/p>\n<p>L&#8217;Utente \u00e8 l&#8217;unico responsabile di eventuali violazioni o danni che possono essere causati dall&#8217;uso del sito web, e l&#8217;azienda, i suoi partner, le societ\u00e0 del gruppo, i collaboratori, i dipendenti e i rappresentanti sono esonerati da qualsiasi tipo di responsabilit\u00e0 che possa derivare dalle azioni dell&#8217;Utente.<\/p>\n<p>L&#8217;azienda si impegna a fare tutto il possibile per fornire informazioni aggiornate e accurate sul sito web. Tuttavia, la Societ\u00e0 non fornisce alcuna dichiarazione o garanzia in merito all&#8217;assenza di errori, imprecisioni e\/o omissioni in qualsiasi contenuto accessibile attraverso il sito web. <\/p>\n<p>L&#8217;Utente \u00e8 l&#8217;unico responsabile di qualsiasi reclamo o azione legale, giudiziale o extragiudiziale, intentata da terzi contro la Societ\u00e0, basata sull&#8217;uso del sito web da parte dell&#8217;Utente. Ove applicabile, l&#8217;Utente si far\u00e0 carico di tutte le spese, i costi e gli indennizzi sostenuti dalla Societ\u00e0 a seguito di tali reclami o azioni legali. <\/p>\n<p><b>6.2. Responsabilit\u00e0 per il funzionamento del sito web<\/b><\/p>\n<p>L&#8217;azienda esclude ogni responsabilit\u00e0 che possa derivare da interferenze, omissioni, interruzioni, virus informatici, guasti telefonici o disconnessioni nel funzionamento del sistema elettronico, dovuti a cause al di fuori del controllo dell&#8217;azienda.<\/p>\n<p>Allo stesso modo, l&#8217;azienda esclude qualsiasi responsabilit\u00e0 che possa derivare da ritardi o blocchi nel funzionamento di questo sistema elettronico, causati da carenze o sovraccarichi delle linee telefoniche o di Internet, nonch\u00e9 da danni causati da terzi attraverso interferenze illegittime al di fuori del controllo dell&#8217;azienda.<\/p>\n<p>L&#8217;azienda ha il diritto di sospendere temporaneamente, senza preavviso, l&#8217;accesso al sito web per operazioni di manutenzione, riparazione, aggiornamento o miglioramento.<\/p>\n<p><b>6.3. Responsabilit\u00e0 per i link<\/b><\/p>\n<p>I link contenuti nel sito web possono condurre l&#8217;utente ad altri siti web gestiti da terzi.<\/p>\n<p>L&#8217;azienda declina ogni responsabilit\u00e0 per le informazioni reperite al di fuori del sito web, in quanto la funzione dei link che compaiono \u00e8 unicamente quella di informare l&#8217;Utente dell&#8217;esistenza di altre fonti di informazione su un determinato argomento.<\/p>\n<p>L&#8217;azienda \u00e8 esonerata da qualsiasi responsabilit\u00e0 per il corretto funzionamento di tali link, per i risultati ottenuti tramite tali link, per la veridicit\u00e0 e la legalit\u00e0 dei contenuti o delle informazioni a cui si pu\u00f2 accedere, nonch\u00e9 per eventuali danni che l&#8217;Utente pu\u00f2 subire a causa delle informazioni trovate sul sito web collegato.<\/p>\n<p><b>7) Informativa sui dati personali raccolti attraverso il sito web<\/b><\/p>\n<p>I tuoi dati saranno inseriti in un archivio di propriet\u00e0 di Caldeolive, S.L., al fine di gestire il rapporto con te. Tratteremo i tuoi dati per informarti (per posta, telefono, di persona e\/o per via telematica) sui nostri prodotti e\/o servizi.<\/p>\n<p>Acconsenti che, anche dopo la cessazione del rapporto con Caldeolive, S.L., possiamo comunicare i tuoi dati ad altre societ\u00e0 che svolgono la loro attivit\u00e0 nel settore del confezionamento dell&#8217;olio d&#8217;oliva e dell&#8217;olio di girasole affinch\u00e9 ti informino (per posta, telefono, di persona e\/o per via telematica) sui loro prodotti e\/o servizi.<\/p>\n<p>Puoi esercitare i tuoi diritti di accesso, rettifica, cancellazione e opposizione, nonch\u00e9 la revoca in qualsiasi momento dei consensi prestati, inviando una lettera a Caldeolive, S.L., o inviando un&#8217;e-mail a info@caldeolive.com.<\/p>\n<p><b>7.1. Attraverso i moduli<\/b><\/p>\n<p>Fatte salve le disposizioni indicate in ciascuno dei moduli presenti sul sito web, quando l&#8217;Utente fornisce i propri dati personali, autorizza espressamente la Societ\u00e0 a trattare i suoi dati personali per le finalit\u00e0 ivi indicate. La Societ\u00e0 incorporer\u00e0 i dati forniti dall&#8217;Utente in un archivio di propriet\u00e0 della stessa, debitamente notificato all&#8217;Agenzia per la protezione dei dati. <\/p>\n<p>L&#8217;Utente o il suo rappresentante pu\u00f2 esercitare i propri diritti di accesso, rettifica, cancellazione o opposizione mediante una richiesta scritta e firmata indirizzata all&#8217;indirizzo indicato nell&#8217;Avviso Legale di questo sito web.<\/p>\n<p><b>7.2. Riservatezza<\/b><\/p>\n<p>L&#8217;azienda si impegna a rispettare l&#8217;obbligo di segretezza dei dati personali e il dovere di mantenerli riservati e adotter\u00e0 le misure necessarie per impedirne l&#8217;alterazione, la perdita, il trattamento non autorizzato o l&#8217;accesso, tenendo conto dello stato della tecnologia in ogni momento.<\/p>\n<p><b>8) Commenti degli utenti<\/b><\/p>\n<p>L&#8217;Utente garantisce che le informazioni, i materiali, i contenuti o le osservazioni che non sono i suoi dati personali e che vengono forniti all&#8217;azienda attraverso il sito web non violano i diritti di propriet\u00e0 intellettuale o industriale di terzi, o qualsiasi altra disposizione di legge.<\/p>\n<p>Le informazioni, i materiali, i contenuti o le osservazioni che l&#8217;Utente fornisce alla Societ\u00e0 saranno considerati non riservati e la Societ\u00e0 si riserva il diritto di utilizzarli nel modo che riterr\u00e0 pi\u00f9 opportuno.<\/p>\n<p><b>9) Modifiche alle condizioni d&#8217;uso<\/b><\/p>\n<p>L&#8217;azienda si riserva il diritto di modificare, sviluppare o aggiornare le condizioni d&#8217;uso di questo sito web in qualsiasi momento e senza preavviso. L&#8217;Utente sar\u00e0 automaticamente vincolato dalle condizioni d&#8217;uso in vigore al momento dell&#8217;accesso al sito web e dovr\u00e0 pertanto leggere periodicamente le presenti condizioni d&#8217;uso. <\/p>\n<p><b>10) Legge applicabile e giurisdizione<\/b><\/p>\n<p>Tutte le controversie o i reclami derivanti dall&#8217;interpretazione o dall&#8217;esecuzione del presente Avviso Legale e delle Condizioni d&#8217;Uso saranno disciplinati dalla legge spagnola e saranno soggetti alla giurisdizione delle Corti e dei Tribunali di Siviglia.<\/p>\n\t\t\t\t\t\t<\/div>\n\t\t\t\t<\/div>\n\t\t\t\t\t<\/div>\n\t\t\t\t<\/div>\n\t\t\t\t<\/div>\n\t\t","protected":false},"excerpt":{"rendered":"<p>1) Identit\u00e0 del proprietario del sito web L&#8217;identit\u00e0 e altre informazioni sulla societ\u00e0 proprietaria del sito web sono riportate nella sezione &#8220;Informazioni&#8221;, accessibile dalla HomePage di questo sito web. Di seguito, si far\u00e0 riferimento alla societ\u00e0 per indicare la societ\u00e0 proprietaria del sito web. 2) Accettazione dei Termini d&#8217;uso Lo scopo delle presenti condizioni (di [&hellip;]<\/p>\n","protected":false},"author":1,"featured_media":0,"parent":0,"menu_order":0,"comment_status":"closed","ping_status":"closed","template":"elementor_header_footer","meta":{"footnotes":""},"class_list":["post-2585","page","type-page","status-publish","hentry"],"yoast_head":"<!-- This site is optimized with the Yoast SEO plugin v24.0 - https:\/\/yoast.com\/wordpress\/plugins\/seo\/ -->\n<title>Avviso legale - Caldeolive<\/title>\n<meta name=\"robots\" content=\"noindex, nofollow\" \/>\n<meta property=\"og:locale\" content=\"it_IT\" \/>\n<meta property=\"og:type\" content=\"article\" \/>\n<meta property=\"og:title\" content=\"Avviso legale - Caldeolive\" \/>\n<meta property=\"og:description\" content=\"1) Identit\u00e0 del proprietario del sito web L&#8217;identit\u00e0 e altre informazioni sulla societ\u00e0 proprietaria del sito web sono riportate nella sezione &#8220;Informazioni&#8221;, accessibile dalla HomePage di questo sito web. Di seguito, si far\u00e0 riferimento alla societ\u00e0 per indicare la societ\u00e0 proprietaria del sito web. 2) Accettazione dei Termini d&#8217;uso Lo scopo delle presenti condizioni (di [&hellip;]\" \/>\n<meta property=\"og:url\" content=\"https:\/\/caldeolive.com\/it\/avviso-legale\/\" \/>\n<meta property=\"og:site_name\" content=\"Caldeolive\" \/>\n<meta property=\"article:modified_time\" content=\"2026-02-02T17:02:22+00:00\" \/>\n<meta name=\"twitter:card\" content=\"summary_large_image\" \/>\n<meta name=\"twitter:label1\" content=\"Tempo di lettura stimato\" \/>\n\t<meta name=\"twitter:data1\" content=\"7 minuti\" \/>\n<script type=\"application\/ld+json\" class=\"yoast-schema-graph\">{\"@context\":\"https:\/\/schema.org\",\"@graph\":[{\"@type\":\"WebPage\",\"@id\":\"https:\/\/caldeolive.com\/it\/avviso-legale\/\",\"url\":\"https:\/\/caldeolive.com\/it\/avviso-legale\/\",\"name\":\"Avviso legale - Caldeolive\",\"isPartOf\":{\"@id\":\"https:\/\/caldeolive.com\/it\/#website\"},\"datePublished\":\"2024-06-13T07:57:59+00:00\",\"dateModified\":\"2026-02-02T17:02:22+00:00\",\"breadcrumb\":{\"@id\":\"https:\/\/caldeolive.com\/it\/avviso-legale\/#breadcrumb\"},\"inLanguage\":\"it-IT\",\"potentialAction\":[{\"@type\":\"ReadAction\",\"target\":[\"https:\/\/caldeolive.com\/it\/avviso-legale\/\"]}]},{\"@type\":\"BreadcrumbList\",\"@id\":\"https:\/\/caldeolive.com\/it\/avviso-legale\/#breadcrumb\",\"itemListElement\":[{\"@type\":\"ListItem\",\"position\":1,\"name\":\"Portada\",\"item\":\"https:\/\/caldeolive.com\/it\/\"},{\"@type\":\"ListItem\",\"position\":2,\"name\":\"Avviso legale\"}]},{\"@type\":\"WebSite\",\"@id\":\"https:\/\/caldeolive.com\/it\/#website\",\"url\":\"https:\/\/caldeolive.com\/it\/\",\"name\":\"Caldeolive\",\"description\":\"Web de Caldeolive\",\"publisher\":{\"@id\":\"https:\/\/caldeolive.com\/it\/#organization\"},\"potentialAction\":[{\"@type\":\"SearchAction\",\"target\":{\"@type\":\"EntryPoint\",\"urlTemplate\":\"https:\/\/caldeolive.com\/it\/?s={search_term_string}\"},\"query-input\":{\"@type\":\"PropertyValueSpecification\",\"valueRequired\":true,\"valueName\":\"search_term_string\"}}],\"inLanguage\":\"it-IT\"},{\"@type\":\"Organization\",\"@id\":\"https:\/\/caldeolive.com\/it\/#organization\",\"name\":\"Caldeolive\",\"url\":\"https:\/\/caldeolive.com\/it\/\",\"logo\":{\"@type\":\"ImageObject\",\"inLanguage\":\"it-IT\",\"@id\":\"https:\/\/caldeolive.com\/it\/#\/schema\/logo\/image\/\",\"url\":\"https:\/\/caldeolive.com\/wp-content\/uploads\/2024\/06\/g10.png\",\"contentUrl\":\"https:\/\/caldeolive.com\/wp-content\/uploads\/2024\/06\/g10.png\",\"width\":399,\"height\":117,\"caption\":\"Caldeolive\"},\"image\":{\"@id\":\"https:\/\/caldeolive.com\/it\/#\/schema\/logo\/image\/\"}}]}<\/script>\n<!-- \/ Yoast SEO plugin. -->","yoast_head_json":{"title":"Avviso legale - Caldeolive","robots":{"index":"noindex","follow":"nofollow"},"og_locale":"it_IT","og_type":"article","og_title":"Avviso legale - Caldeolive","og_description":"1) Identit\u00e0 del proprietario del sito web L&#8217;identit\u00e0 e altre informazioni sulla societ\u00e0 proprietaria del sito web sono riportate nella sezione &#8220;Informazioni&#8221;, accessibile dalla HomePage di questo sito web. Di seguito, si far\u00e0 riferimento alla societ\u00e0 per indicare la societ\u00e0 proprietaria del sito web. 2) Accettazione dei Termini d&#8217;uso Lo scopo delle presenti condizioni (di [&hellip;]","og_url":"https:\/\/caldeolive.com\/it\/avviso-legale\/","og_site_name":"Caldeolive","article_modified_time":"2026-02-02T17:02:22+00:00","twitter_card":"summary_large_image","twitter_misc":{"Tempo di lettura stimato":"7 minuti"},"schema":{"@context":"https:\/\/schema.org","@graph":[{"@type":"WebPage","@id":"https:\/\/caldeolive.com\/it\/avviso-legale\/","url":"https:\/\/caldeolive.com\/it\/avviso-legale\/","name":"Avviso legale - Caldeolive","isPartOf":{"@id":"https:\/\/caldeolive.com\/it\/#website"},"datePublished":"2024-06-13T07:57:59+00:00","dateModified":"2026-02-02T17:02:22+00:00","breadcrumb":{"@id":"https:\/\/caldeolive.com\/it\/avviso-legale\/#breadcrumb"},"inLanguage":"it-IT","potentialAction":[{"@type":"ReadAction","target":["https:\/\/caldeolive.com\/it\/avviso-legale\/"]}]},{"@type":"BreadcrumbList","@id":"https:\/\/caldeolive.com\/it\/avviso-legale\/#breadcrumb","itemListElement":[{"@type":"ListItem","position":1,"name":"Portada","item":"https:\/\/caldeolive.com\/it\/"},{"@type":"ListItem","position":2,"name":"Avviso legale"}]},{"@type":"WebSite","@id":"https:\/\/caldeolive.com\/it\/#website","url":"https:\/\/caldeolive.com\/it\/","name":"Caldeolive","description":"Web de Caldeolive","publisher":{"@id":"https:\/\/caldeolive.com\/it\/#organization"},"potentialAction":[{"@type":"SearchAction","target":{"@type":"EntryPoint","urlTemplate":"https:\/\/caldeolive.com\/it\/?s={search_term_string}"},"query-input":{"@type":"PropertyValueSpecification","valueRequired":true,"valueName":"search_term_string"}}],"inLanguage":"it-IT"},{"@type":"Organization","@id":"https:\/\/caldeolive.com\/it\/#organization","name":"Caldeolive","url":"https:\/\/caldeolive.com\/it\/","logo":{"@type":"ImageObject","inLanguage":"it-IT","@id":"https:\/\/caldeolive.com\/it\/#\/schema\/logo\/image\/","url":"https:\/\/caldeolive.com\/wp-content\/uploads\/2024\/06\/g10.png","contentUrl":"https:\/\/caldeolive.com\/wp-content\/uploads\/2024\/06\/g10.png","width":399,"height":117,"caption":"Caldeolive"},"image":{"@id":"https:\/\/caldeolive.com\/it\/#\/schema\/logo\/image\/"}}]}},"_links":{"self":[{"href":"https:\/\/caldeolive.com\/it\/wp-json\/wp\/v2\/pages\/2585","targetHints":{"allow":["GET"]}}],"collection":[{"href":"https:\/\/caldeolive.com\/it\/wp-json\/wp\/v2\/pages"}],"about":[{"href":"https:\/\/caldeolive.com\/it\/wp-json\/wp\/v2\/types\/page"}],"author":[{"embeddable":true,"href":"https:\/\/caldeolive.com\/it\/wp-json\/wp\/v2\/users\/1"}],"replies":[{"embeddable":true,"href":"https:\/\/caldeolive.com\/it\/wp-json\/wp\/v2\/comments?post=2585"}],"version-history":[{"count":2,"href":"https:\/\/caldeolive.com\/it\/wp-json\/wp\/v2\/pages\/2585\/revisions"}],"predecessor-version":[{"id":2883,"href":"https:\/\/caldeolive.com\/it\/wp-json\/wp\/v2\/pages\/2585\/revisions\/2883"}],"wp:attachment":[{"href":"https:\/\/caldeolive.com\/it\/wp-json\/wp\/v2\/media?parent=2585"}],"curies":[{"name":"wp","href":"https:\/\/api.w.org\/{rel}","templated":true}]}}