{"id":2565,"date":"2024-06-13T07:58:26","date_gmt":"2024-06-13T07:58:26","guid":{"rendered":"https:\/\/caldeolive.com\/politica-de-cookies\/"},"modified":"2024-12-12T13:19:37","modified_gmt":"2024-12-12T13:19:37","slug":"politica-de-cookies","status":"publish","type":"page","link":"https:\/\/caldeolive.com\/pt-pt\/politica-de-cookies\/","title":{"rendered":"Pol\u00edtica de cookies"},"content":{"rendered":"\t\t<div data-elementor-type=\"wp-page\" data-elementor-id=\"2565\" class=\"elementor elementor-2565 elementor-46\" data-elementor-post-type=\"page\">\n\t\t\t\t<div class=\"elementor-element elementor-element-ae42d2c e-flex e-con-boxed e-con e-parent\" data-id=\"ae42d2c\" data-element_type=\"container\">\n\t\t\t\t\t<div class=\"e-con-inner\">\n\t\t\t\t<div class=\"elementor-element elementor-element-a3f146f elementor-widget elementor-widget-heading\" data-id=\"a3f146f\" data-element_type=\"widget\" data-widget_type=\"heading.default\">\n\t\t\t\t<div class=\"elementor-widget-container\">\n\t\t\t<h2 class=\"elementor-heading-title elementor-size-default\">Pol\u00edtica de cookies<\/h2>\t\t<\/div>\n\t\t\t\t<\/div>\n\t\t\t\t<div class=\"elementor-element elementor-element-7512f4f elementor-widget elementor-widget-text-editor\" data-id=\"7512f4f\" data-element_type=\"widget\" data-widget_type=\"text-editor.default\">\n\t\t\t\t<div class=\"elementor-widget-container\">\n\t\t\t\t\t\t\t<p>Na <strong>Caldeolive<\/strong> (doravante, &#8220;o Website&#8221;), utilizamos cookies para melhorar a experi\u00eancia do utilizador, analisar o tr\u00e1fego do nosso website e fornecer funcionalidades espec\u00edficas. Esta Pol\u00edtica de Cookies descreve o que s\u00e3o cookies, como os utilizamos e os teus direitos para os controlar. <\/p>\n    \n    <h5>O que s\u00e3o bolachas?<\/h5>\n    <p>Os cookies s\u00e3o pequenos ficheiros de texto que s\u00e3o armazenados no teu dispositivo quando visitas um s\u00edtio Web. Permitem que o s\u00edtio Web recorde as tuas prefer\u00eancias e acompanhe a tua atividade, melhorando assim a tua experi\u00eancia de navega\u00e7\u00e3o. <\/p>\n    \n    <h5>Tipos de cookies que utilizamos<\/h5>\n    <p>No nosso s\u00edtio Web <strong>https:\/\/caldeolive.com\/,<\/strong> utilizamos as seguintes categorias de cookies:<\/p>\n    \n    <h6>1. cookies estritamente necess\u00e1rios<\/h6>\n    <p>Estes cookies s\u00e3o essenciais para o funcionamento do s\u00edtio Web. N\u00e3o requerem o teu consentimento e n\u00e3o podem ser desactivados nos nossos sistemas. <\/p>\n    \n    <h6>2. Cookies de desempenho (Google Analytics)<\/h6>\n    <p>Estes cookies recolhem informa\u00e7\u00f5es an\u00f3nimas sobre a forma como os visitantes utilizam o nosso s\u00edtio Web, tais como as p\u00e1ginas visitadas e as liga\u00e7\u00f5es clicadas. Utilizamos <strong>o Google Analytics<\/strong> para nos ajudar a analisar e melhorar a experi\u00eancia do utilizador no nosso s\u00edtio Web. <\/p>\n    <ul>\n        <li><strong>Fornecedor:<\/strong> Google LLC<\/li>\n        <li><strong>Informa\u00e7\u00f5es recolhidas:<\/strong> endere\u00e7o IP an\u00f3nimo, tipo de dispositivo, navegador, dura\u00e7\u00e3o da sess\u00e3o, etc.<\/li>\n        <li><strong>Objetivo:<\/strong> Medi\u00e7\u00e3o do tr\u00e1fego e an\u00e1lise comportamental.<\/li>\n        <li><strong>Dura\u00e7\u00e3o:<\/strong> Conforme definido pela Google. Podes saber mais sobre a utiliza\u00e7\u00e3o de dados pela Google <a href=\"https:\/\/policies.google.com\/technologies\/cookies\" target=\"_blank\">aqui.<\/a> <\/li>\n    <\/ul>\n    \n    <h6>3. Cookies de funcionalidade<\/h6>\n    <p>Estes cookies permitem melhorar a funcionalidade e a personaliza\u00e7\u00e3o, por exemplo, recordando as tuas prefer\u00eancias. Se n\u00e3o os activares, algumas funcionalidades poder\u00e3o n\u00e3o estar dispon\u00edveis. <\/p>\n    \n    <h6>4. Cookies de terceiros<\/h6>\n    <p>O s\u00edtio Web pode incluir funcionalidades ou conte\u00fados fornecidos por terceiros, como mapas integrados do Google Maps ou liga\u00e7\u00f5es a redes sociais, que tamb\u00e9m podem definir cookies. Estes cookies est\u00e3o sujeitos \u00e0s pol\u00edticas de cookies dos terceiros em causa. <\/p>\n    \n    <h5>Gest\u00e3o de cookies<\/h5>\n    <p>Quando visitas o nosso site pela primeira vez, mostramos-te um banner de cookies onde podes aceitar, rejeitar ou definir cookies de acordo com as tuas prefer\u00eancias. Podes alterar ou retirar o teu consentimento a qualquer momento, acedendo \u00e0s defini\u00e7\u00f5es de cookies dispon\u00edveis no nosso s\u00edtio Web. <\/p>\n    <p>Tamb\u00e9m podes gerir os cookies diretamente a partir do teu browser. Abaixo, fornecemos links para os guias dos browsers mais comuns: <\/p>\n    <ul>\n        <li><a href=\"https:\/\/support.google.com\/chrome\/answer\/95647?hl=es\" target=\"_blank\">Google Chrome<\/a><\/li>\n        <li><a href=\"https:\/\/support.mozilla.org\/es\/kb\/habilitar-y-deshabilitar-cookies-sitios-web-rastrear-preferencias\" target=\"_blank\">Mozilla Firefox<\/a><\/li>\n        <li><a href=\"https:\/\/support.microsoft.com\/es-es\/microsoft-edge\/borrar-las-cookies-en-microsoft-edge-63947406-40ac-c3b8-57b9-2a946a29ae09\" target=\"_blank\">Microsoft Edge<\/a><\/li>\n        <li><a href=\"https:\/\/support.apple.com\/es-es\/guide\/safari\/sfri11471\/mac\" target=\"_blank\">Safari<\/a><\/li>\n    <\/ul>\n    \n    <h5>Alojamento<\/h5>\n    <p>O nosso s\u00edtio Web est\u00e1 alojado em servidores <strong>IONOS<\/strong>, o que garante medidas de seguran\u00e7a adequadas para proteger os teus dados pessoais.<\/p>\n    \n    <h5>Altera\u00e7\u00f5es \u00e0 nossa Pol\u00edtica de Cookies<\/h5>\n    <p>Reservamo-nos o direito de alterar esta Pol\u00edtica de Cookies em qualquer altura. Notificar-te-emos de quaisquer altera\u00e7\u00f5es publicando a nova pol\u00edtica neste s\u00edtio Web. <\/p>\n    \n    <h5>Contacto<\/h5>\n    <p>Se tiveres alguma quest\u00e3o ou d\u00favida sobre esta Pol\u00edtica de Cookies, podes contactar-nos por e-mail: <a href=\"mailto:info@caldeolive.com\">info@caldeolive.com.<\/a><\/p>\t\t\t\t\t\t<\/div>\n\t\t\t\t<\/div>\n\t\t\t\t\t<\/div>\n\t\t\t\t<\/div>\n\t\t\t\t<\/div>\n\t\t","protected":false},"excerpt":{"rendered":"<p>Na Caldeolive (doravante, &#8220;o Website&#8221;), utilizamos cookies para melhorar a experi\u00eancia do utilizador, analisar o tr\u00e1fego do nosso website e fornecer funcionalidades espec\u00edficas. Esta Pol\u00edtica de Cookies descreve o que s\u00e3o cookies, como os utilizamos e os teus direitos para os controlar. O que s\u00e3o bolachas? Os cookies s\u00e3o pequenos ficheiros de texto que s\u00e3o [&hellip;]<\/p>\n","protected":false},"author":1,"featured_media":0,"parent":0,"menu_order":0,"comment_status":"closed","ping_status":"closed","template":"elementor_header_footer","meta":{"footnotes":""},"class_list":["post-2565","page","type-page","status-publish","hentry"],"yoast_head":"<!-- This site is optimized with the Yoast SEO plugin v24.0 - https:\/\/yoast.com\/wordpress\/plugins\/seo\/ -->\n<title>Pol\u00edtica de cookies - Caldeolive<\/title>\n<meta name=\"robots\" content=\"noindex, nofollow\" \/>\n<meta property=\"og:locale\" content=\"pt_PT\" \/>\n<meta property=\"og:type\" content=\"article\" \/>\n<meta property=\"og:title\" content=\"Pol\u00edtica de cookies - Caldeolive\" \/>\n<meta property=\"og:description\" content=\"Na Caldeolive (doravante, &#8220;o Website&#8221;), utilizamos cookies para melhorar a experi\u00eancia do utilizador, analisar o tr\u00e1fego do nosso website e fornecer funcionalidades espec\u00edficas. Esta Pol\u00edtica de Cookies descreve o que s\u00e3o cookies, como os utilizamos e os teus direitos para os controlar. O que s\u00e3o bolachas? Os cookies s\u00e3o pequenos ficheiros de texto que s\u00e3o [&hellip;]\" \/>\n<meta property=\"og:url\" content=\"https:\/\/caldeolive.com\/pt-pt\/politica-de-cookies\/\" \/>\n<meta property=\"og:site_name\" content=\"Caldeolive\" \/>\n<meta property=\"article:modified_time\" content=\"2024-12-12T13:19:37+00:00\" \/>\n<meta name=\"twitter:card\" content=\"summary_large_image\" \/>\n<meta name=\"twitter:label1\" content=\"Tempo estimado de leitura\" \/>\n\t<meta name=\"twitter:data1\" content=\"2 minutos\" \/>\n<script type=\"application\/ld+json\" class=\"yoast-schema-graph\">{\"@context\":\"https:\/\/schema.org\",\"@graph\":[{\"@type\":\"WebPage\",\"@id\":\"https:\/\/caldeolive.com\/pt-pt\/politica-de-cookies\/\",\"url\":\"https:\/\/caldeolive.com\/pt-pt\/politica-de-cookies\/\",\"name\":\"Pol\u00edtica de cookies - Caldeolive\",\"isPartOf\":{\"@id\":\"https:\/\/caldeolive.com\/pt-pt\/#website\"},\"datePublished\":\"2024-06-13T07:58:26+00:00\",\"dateModified\":\"2024-12-12T13:19:37+00:00\",\"breadcrumb\":{\"@id\":\"https:\/\/caldeolive.com\/pt-pt\/politica-de-cookies\/#breadcrumb\"},\"inLanguage\":\"pt-PT\",\"potentialAction\":[{\"@type\":\"ReadAction\",\"target\":[\"https:\/\/caldeolive.com\/pt-pt\/politica-de-cookies\/\"]}]},{\"@type\":\"BreadcrumbList\",\"@id\":\"https:\/\/caldeolive.com\/pt-pt\/politica-de-cookies\/#breadcrumb\",\"itemListElement\":[{\"@type\":\"ListItem\",\"position\":1,\"name\":\"Portada\",\"item\":\"https:\/\/caldeolive.com\/pt-pt\/\"},{\"@type\":\"ListItem\",\"position\":2,\"name\":\"Pol\u00edtica de cookies\"}]},{\"@type\":\"WebSite\",\"@id\":\"https:\/\/caldeolive.com\/pt-pt\/#website\",\"url\":\"https:\/\/caldeolive.com\/pt-pt\/\",\"name\":\"Caldeolive\",\"description\":\"Web de Caldeolive\",\"publisher\":{\"@id\":\"https:\/\/caldeolive.com\/pt-pt\/#organization\"},\"potentialAction\":[{\"@type\":\"SearchAction\",\"target\":{\"@type\":\"EntryPoint\",\"urlTemplate\":\"https:\/\/caldeolive.com\/pt-pt\/?s={search_term_string}\"},\"query-input\":{\"@type\":\"PropertyValueSpecification\",\"valueRequired\":true,\"valueName\":\"search_term_string\"}}],\"inLanguage\":\"pt-PT\"},{\"@type\":\"Organization\",\"@id\":\"https:\/\/caldeolive.com\/pt-pt\/#organization\",\"name\":\"Caldeolive\",\"url\":\"https:\/\/caldeolive.com\/pt-pt\/\",\"logo\":{\"@type\":\"ImageObject\",\"inLanguage\":\"pt-PT\",\"@id\":\"https:\/\/caldeolive.com\/pt-pt\/#\/schema\/logo\/image\/\",\"url\":\"https:\/\/caldeolive.com\/wp-content\/uploads\/2024\/06\/g10.png\",\"contentUrl\":\"https:\/\/caldeolive.com\/wp-content\/uploads\/2024\/06\/g10.png\",\"width\":399,\"height\":117,\"caption\":\"Caldeolive\"},\"image\":{\"@id\":\"https:\/\/caldeolive.com\/pt-pt\/#\/schema\/logo\/image\/\"}}]}<\/script>\n<!-- \/ Yoast SEO plugin. -->","yoast_head_json":{"title":"Pol\u00edtica de cookies - Caldeolive","robots":{"index":"noindex","follow":"nofollow"},"og_locale":"pt_PT","og_type":"article","og_title":"Pol\u00edtica de cookies - Caldeolive","og_description":"Na Caldeolive (doravante, &#8220;o Website&#8221;), utilizamos cookies para melhorar a experi\u00eancia do utilizador, analisar o tr\u00e1fego do nosso website e fornecer funcionalidades espec\u00edficas. Esta Pol\u00edtica de Cookies descreve o que s\u00e3o cookies, como os utilizamos e os teus direitos para os controlar. O que s\u00e3o bolachas? Os cookies s\u00e3o pequenos ficheiros de texto que s\u00e3o [&hellip;]","og_url":"https:\/\/caldeolive.com\/pt-pt\/politica-de-cookies\/","og_site_name":"Caldeolive","article_modified_time":"2024-12-12T13:19:37+00:00","twitter_card":"summary_large_image","twitter_misc":{"Tempo estimado de leitura":"2 minutos"},"schema":{"@context":"https:\/\/schema.org","@graph":[{"@type":"WebPage","@id":"https:\/\/caldeolive.com\/pt-pt\/politica-de-cookies\/","url":"https:\/\/caldeolive.com\/pt-pt\/politica-de-cookies\/","name":"Pol\u00edtica de cookies - Caldeolive","isPartOf":{"@id":"https:\/\/caldeolive.com\/pt-pt\/#website"},"datePublished":"2024-06-13T07:58:26+00:00","dateModified":"2024-12-12T13:19:37+00:00","breadcrumb":{"@id":"https:\/\/caldeolive.com\/pt-pt\/politica-de-cookies\/#breadcrumb"},"inLanguage":"pt-PT","potentialAction":[{"@type":"ReadAction","target":["https:\/\/caldeolive.com\/pt-pt\/politica-de-cookies\/"]}]},{"@type":"BreadcrumbList","@id":"https:\/\/caldeolive.com\/pt-pt\/politica-de-cookies\/#breadcrumb","itemListElement":[{"@type":"ListItem","position":1,"name":"Portada","item":"https:\/\/caldeolive.com\/pt-pt\/"},{"@type":"ListItem","position":2,"name":"Pol\u00edtica de cookies"}]},{"@type":"WebSite","@id":"https:\/\/caldeolive.com\/pt-pt\/#website","url":"https:\/\/caldeolive.com\/pt-pt\/","name":"Caldeolive","description":"Web de Caldeolive","publisher":{"@id":"https:\/\/caldeolive.com\/pt-pt\/#organization"},"potentialAction":[{"@type":"SearchAction","target":{"@type":"EntryPoint","urlTemplate":"https:\/\/caldeolive.com\/pt-pt\/?s={search_term_string}"},"query-input":{"@type":"PropertyValueSpecification","valueRequired":true,"valueName":"search_term_string"}}],"inLanguage":"pt-PT"},{"@type":"Organization","@id":"https:\/\/caldeolive.com\/pt-pt\/#organization","name":"Caldeolive","url":"https:\/\/caldeolive.com\/pt-pt\/","logo":{"@type":"ImageObject","inLanguage":"pt-PT","@id":"https:\/\/caldeolive.com\/pt-pt\/#\/schema\/logo\/image\/","url":"https:\/\/caldeolive.com\/wp-content\/uploads\/2024\/06\/g10.png","contentUrl":"https:\/\/caldeolive.com\/wp-content\/uploads\/2024\/06\/g10.png","width":399,"height":117,"caption":"Caldeolive"},"image":{"@id":"https:\/\/caldeolive.com\/pt-pt\/#\/schema\/logo\/image\/"}}]}},"_links":{"self":[{"href":"https:\/\/caldeolive.com\/pt-pt\/wp-json\/wp\/v2\/pages\/2565","targetHints":{"allow":["GET"]}}],"collection":[{"href":"https:\/\/caldeolive.com\/pt-pt\/wp-json\/wp\/v2\/pages"}],"about":[{"href":"https:\/\/caldeolive.com\/pt-pt\/wp-json\/wp\/v2\/types\/page"}],"author":[{"embeddable":true,"href":"https:\/\/caldeolive.com\/pt-pt\/wp-json\/wp\/v2\/users\/1"}],"replies":[{"embeddable":true,"href":"https:\/\/caldeolive.com\/pt-pt\/wp-json\/wp\/v2\/comments?post=2565"}],"version-history":[{"count":1,"href":"https:\/\/caldeolive.com\/pt-pt\/wp-json\/wp\/v2\/pages\/2565\/revisions"}],"predecessor-version":[{"id":2568,"href":"https:\/\/caldeolive.com\/pt-pt\/wp-json\/wp\/v2\/pages\/2565\/revisions\/2568"}],"wp:attachment":[{"href":"https:\/\/caldeolive.com\/pt-pt\/wp-json\/wp\/v2\/media?parent=2565"}],"curies":[{"name":"wp","href":"https:\/\/api.w.org\/{rel}","templated":true}]}}