{"id":2583,"date":"2024-06-13T07:57:59","date_gmt":"2024-06-13T07:57:59","guid":{"rendered":"https:\/\/caldeolive.com\/aviso-legal\/"},"modified":"2026-02-02T17:02:22","modified_gmt":"2026-02-02T17:02:22","slug":"aviso-legal","status":"publish","type":"page","link":"https:\/\/caldeolive.com\/pt-pt\/aviso-legal\/","title":{"rendered":"Aviso legal"},"content":{"rendered":"\t\t<div data-elementor-type=\"wp-page\" data-elementor-id=\"2583\" class=\"elementor elementor-2583 elementor-44\" data-elementor-post-type=\"page\">\n\t\t\t\t<div class=\"elementor-element elementor-element-9865362 e-flex e-con-boxed e-con e-parent\" data-id=\"9865362\" data-element_type=\"container\">\n\t\t\t\t\t<div class=\"e-con-inner\">\n\t\t\t\t<div class=\"elementor-element elementor-element-432306c elementor-widget elementor-widget-heading\" data-id=\"432306c\" data-element_type=\"widget\" data-widget_type=\"heading.default\">\n\t\t\t\t<div class=\"elementor-widget-container\">\n\t\t\t<h2 class=\"elementor-heading-title elementor-size-default\">Aviso legal<\/h2>\t\t<\/div>\n\t\t\t\t<\/div>\n\t\t\t\t<div class=\"elementor-element elementor-element-79ff32d elementor-widget elementor-widget-text-editor\" data-id=\"79ff32d\" data-element_type=\"widget\" data-widget_type=\"text-editor.default\">\n\t\t\t\t<div class=\"elementor-widget-container\">\n\t\t\t\t\t\t\t<p><b>1) Identidade do propriet\u00e1rio do s\u00edtio Web<\/b><\/p>\n<p>A identidade e outras informa\u00e7\u00f5es sobre a empresa propriet\u00e1ria do s\u00edtio Web est\u00e3o indicadas na sec\u00e7\u00e3o &#8220;Informa\u00e7\u00f5es&#8221;, acess\u00edvel na p\u00e1gina inicial deste s\u00edtio Web. Doravante, a refer\u00eancia \u00e0 empresa ser\u00e1 feita para designar a empresa propriet\u00e1ria do s\u00edtio Web. <\/p>\n<p><b>2) Aceita\u00e7\u00e3o das condi\u00e7\u00f5es de utiliza\u00e7\u00e3o<\/b><\/p>\n<p>O objetivo destas condi\u00e7\u00f5es (doravante designadas por &#8220;Aviso Legal&#8221;) \u00e9 regular a utiliza\u00e7\u00e3o deste s\u00edtio Web, que a empresa coloca \u00e0 disposi\u00e7\u00e3o do p\u00fablico neste URL.<\/p>\n<p>A utiliza\u00e7\u00e3o do s\u00edtio Web por um terceiro confere a condi\u00e7\u00e3o de Utilizador e implica a aceita\u00e7\u00e3o plena por parte desse Utilizador de todas e cada uma das condi\u00e7\u00f5es inclu\u00eddas no presente Aviso Legal.<\/p>\n<p>A empresa pode oferecer, atrav\u00e9s do site, servi\u00e7os ou produtos que podem estar sujeitos \u00e0s suas pr\u00f3prias condi\u00e7\u00f5es particulares que, consoante o caso, substituem, completam e\/ou modificam as presentes condi\u00e7\u00f5es, e sobre as quais o Utilizador ser\u00e1 informado em cada caso espec\u00edfico.<\/p>\n<p><b>3) Utiliza\u00e7\u00e3o correta do s\u00edtio Web<\/b><\/p>\n<p>O Utilizador compromete-se a utilizar o site, os seus conte\u00fados e servi\u00e7os em conformidade com a Lei, o presente Aviso Legal, os bons costumes e a ordem p\u00fablica. Da mesma forma, o Utilizador compromete-se a n\u00e3o utilizar o s\u00edtio Web ou os servi\u00e7os prestados atrav\u00e9s do mesmo com fins ou efeitos il\u00edcitos ou contr\u00e1rios ao conte\u00fado do presente Aviso Legal, lesivos dos interesses ou direitos de terceiros, ou que, de qualquer forma, possam danificar, inutilizar ou deteriorar o s\u00edtio Web ou os seus servi\u00e7os, ou impedir a normal utiliza\u00e7\u00e3o do s\u00edtio Web por outros Utilizadores. <\/p>\n<p>Da mesma forma, o Utilizador compromete-se expressamente a n\u00e3o destruir, alterar, inutilizar ou danificar de qualquer outra forma os dados, programas ou documentos electr\u00f3nicos e outros que se encontrem no site da empresa.<\/p>\n<p>O Utilizador compromete-se a n\u00e3o dificultar o acesso de outros utilizadores atrav\u00e9s do consumo massivo dos recursos inform\u00e1ticos atrav\u00e9s dos quais a empresa presta o servi\u00e7o, nem a realizar ac\u00e7\u00f5es que danifiquem, interrompam ou gerem erros nestes sistemas.<\/p>\n<p>O Utilizador compromete-se a n\u00e3o introduzir programas, v\u00edrus, macros, applets, controlos ActiveX ou qualquer outro dispositivo l\u00f3gico ou sequ\u00eancia de caracteres que causem ou sejam suscept\u00edveis de causar qualquer tipo de altera\u00e7\u00e3o nos sistemas inform\u00e1ticos da empresa ou de terceiros.<\/p>\n<p><b>4) Publicidade<\/b><\/p>\n<p>Parte do s\u00edtio Web pode conter conte\u00fados publicit\u00e1rios ou ser patrocinada. Os anunciantes e patrocinadores s\u00e3o os \u00fanicos respons\u00e1veis por garantir que o material enviado para inclus\u00e3o no s\u00edtio Web est\u00e1 em conformidade com a legisla\u00e7\u00e3o aplic\u00e1vel. A empresa n\u00e3o ser\u00e1 respons\u00e1vel por quaisquer erros, imprecis\u00f5es ou irregularidades que possam estar contidos na publicidade ou no conte\u00fado patrocinado.  <\/p>\n<p>Em qualquer caso, para apresentar qualquer reclama\u00e7\u00e3o relacionada com o conte\u00fado publicit\u00e1rio inserido neste s\u00edtio Web, contacta o seguinte endere\u00e7o de correio eletr\u00f3nico: info@caldeolive.com<\/p>\n<p><b>5) Propriedade intelectual e industrial<\/b><\/p>\n<p>Todos os conte\u00fados do s\u00edtio Web, salvo indica\u00e7\u00e3o em contr\u00e1rio, s\u00e3o propriedade exclusiva da empresa, incluindo, entre outros, o design gr\u00e1fico, o c\u00f3digo fonte, os log\u00f3tipos, os textos, os gr\u00e1ficos, as ilustra\u00e7\u00f5es, as fotografias e outros elementos que aparecem no s\u00edtio Web.<\/p>\n<p>Da mesma forma, todos os nomes comerciais, marcas registadas ou sinais distintivos de qualquer tipo contidos no s\u00edtio Web est\u00e3o protegidos por lei.<\/p>\n<p>A empresa n\u00e3o concede qualquer tipo de licen\u00e7a ou autoriza\u00e7\u00e3o de uso pessoal ao Utilizador sobre os seus direitos de propriedade intelectual e industrial ou sobre qualquer outro direito relacionado com o seu s\u00edtio Web e os servi\u00e7os nele oferecidos.<\/p>\n<p>Por conseguinte, o Utilizador reconhece que a reprodu\u00e7\u00e3o, distribui\u00e7\u00e3o, comercializa\u00e7\u00e3o, transforma\u00e7\u00e3o e, em geral, qualquer outra forma de explora\u00e7\u00e3o, por qualquer procedimento, da totalidade ou parte dos conte\u00fados deste s\u00edtio Web constitui uma infra\u00e7\u00e3o aos direitos de propriedade intelectual e\/ou industrial da empresa ou do seu titular.<\/p>\n<p><b>6) Regime de responsabilidade<\/b><\/p>\n<p><b>6.1. Responsabilidade pela utiliza\u00e7\u00e3o do s\u00edtio Web<\/b><\/p>\n<p>O Utilizador \u00e9 o \u00fanico respons\u00e1vel por quaisquer infrac\u00e7\u00f5es que possa incorrer ou danos que possa causar pela utiliza\u00e7\u00e3o do site, ficando a empresa, os seus parceiros, empresas do grupo, colaboradores, funcion\u00e1rios e representantes exonerados de qualquer tipo de responsabilidade que possa advir das ac\u00e7\u00f5es do Utilizador.<\/p>\n<p>A empresa envidar\u00e1 todos os esfor\u00e7os e meios razo\u00e1veis para fornecer informa\u00e7\u00f5es actualizadas e exactas no s\u00edtio Web. No entanto, a empresa n\u00e3o faz qualquer representa\u00e7\u00e3o ou garantia quanto \u00e0 aus\u00eancia de erros, imprecis\u00f5es e\/ou omiss\u00f5es em qualquer conte\u00fado acess\u00edvel atrav\u00e9s deste s\u00edtio Web. <\/p>\n<p>O Utilizador \u00e9 o \u00fanico respons\u00e1vel por quaisquer reclama\u00e7\u00f5es ou ac\u00e7\u00f5es legais, judiciais ou extrajudiciais, apresentadas por terceiros contra a empresa, com base na utiliza\u00e7\u00e3o do site pelo Utilizador. Se for caso disso, o Utilizador suportar\u00e1 todas as despesas, custos e indemniza\u00e7\u00f5es incorridos pela Empresa em resultado de tais reclama\u00e7\u00f5es ou ac\u00e7\u00f5es legais. <\/p>\n<p><b>6.2. Responsabilidade pelo funcionamento do s\u00edtio Web<\/b><\/p>\n<p>A empresa exclui qualquer responsabilidade que possa advir de interfer\u00eancias, omiss\u00f5es, interrup\u00e7\u00f5es, v\u00edrus inform\u00e1ticos, avarias telef\u00f3nicas ou desconex\u00f5es no funcionamento do sistema eletr\u00f3nico, devido a causas fora do seu controlo.<\/p>\n<p>Do mesmo modo, a empresa tamb\u00e9m exclui qualquer responsabilidade que possa resultar de atrasos ou bloqueios no funcionamento deste sistema eletr\u00f3nico, causados por defici\u00eancias ou sobrecargas das linhas telef\u00f3nicas ou da Internet, bem como de danos causados por terceiros atrav\u00e9s de interfer\u00eancias ileg\u00edtimas fora do controlo da empresa.<\/p>\n<p>A empresa tem o direito de suspender temporariamente, sem aviso pr\u00e9vio, o acesso ao s\u00edtio Web para opera\u00e7\u00f5es de manuten\u00e7\u00e3o, repara\u00e7\u00e3o, atualiza\u00e7\u00e3o ou melhoramento.<\/p>\n<p><b>6.3. Responsabilidade pelas liga\u00e7\u00f5es<\/b><\/p>\n<p>As liga\u00e7\u00f5es contidas no s\u00edtio Web podem conduzir o utilizador a outros s\u00edtios Web geridos por terceiros.<\/p>\n<p>A empresa declina qualquer responsabilidade pelas informa\u00e7\u00f5es encontradas fora do site, uma vez que a fun\u00e7\u00e3o dos links que aparecem \u00e9 apenas a de informar o Utilizador da exist\u00eancia de outras fontes de informa\u00e7\u00e3o sobre um determinado assunto.<\/p>\n<p>A empresa exonera-se de toda a responsabilidade pelo correto funcionamento de tais liga\u00e7\u00f5es, pelos resultados obtidos atrav\u00e9s das mesmas, pela veracidade e legalidade dos conte\u00fados ou informa\u00e7\u00f5es a que se possa aceder, bem como por quaisquer danos que o Utilizador possa sofrer em consequ\u00eancia das informa\u00e7\u00f5es encontradas no site ligado.<\/p>\n<p><b>7) Pol\u00edtica relativa aos dados pessoais recolhidos atrav\u00e9s do s\u00edtio Web<\/b><\/p>\n<p>Os teus dados ser\u00e3o inclu\u00eddos num ficheiro pertencente \u00e0 Caldeolive, S.L., com a finalidade de gerir a rela\u00e7\u00e3o contigo. Processaremos os teus dados para te informar (por correio, telefone, pessoalmente e\/ou telematicamente) sobre os nossos produtos e\/ou servi\u00e7os.<\/p>\n<p>D\u00e1s o teu consentimento para que, mesmo depois de terminada a nossa rela\u00e7\u00e3o com Caldeolive, S.L., possamos comunicar os teus dados a outras empresas que desenvolvam a sua atividade no sector das embalagens de azeite e de \u00f3leo de girassol para que te informem (por correio, telefone, pessoalmente e\/ou por telem\u00e1tica) dos seus produtos e\/ou servi\u00e7os.<\/p>\n<p>Podes exercer os teus direitos de acesso, retifica\u00e7\u00e3o, cancelamento e oposi\u00e7\u00e3o, bem como a revoga\u00e7\u00e3o em qualquer momento dos consentimentos dados, enviando uma carta para Caldeolive, S.L., ou enviando um e-mail para info@caldeolive.com.<\/p>\n<p><b>7.1. Atrav\u00e9s de formul\u00e1rios<\/b><\/p>\n<p>Sem preju\u00edzo das disposi\u00e7\u00f5es indicadas em cada um dos formul\u00e1rios do s\u00edtio Web, quando o Utilizador fornece os seus dados pessoais, est\u00e1 a autorizar expressamente a empresa a tratar os seus dados pessoais para os fins indicados nos mesmos. A empresa incorporar\u00e1 os dados fornecidos pelo Utilizador num ficheiro da sua propriedade, devidamente notificado \u00e0 Ag\u00eancia de Prote\u00e7\u00e3o de Dados. <\/p>\n<p>O Utilizador ou o seu representante pode exercer os seus direitos de acesso, retifica\u00e7\u00e3o, cancelamento ou oposi\u00e7\u00e3o, atrav\u00e9s de um pedido escrito e assinado dirigido ao endere\u00e7o indicado no Aviso Legal deste s\u00edtio Web.<\/p>\n<p><b>7.2. Confidencialidade<\/b><\/p>\n<p>A empresa compromete-se a cumprir a sua obriga\u00e7\u00e3o de manter o sigilo dos dados pessoais e o seu dever de os manter confidenciais, e adoptar\u00e1 as medidas necess\u00e1rias para evitar a sua altera\u00e7\u00e3o, perda, tratamento ou acesso n\u00e3o autorizado, tendo em conta o estado da tecnologia em cada momento.<\/p>\n<p><b>8) Coment\u00e1rios dos utilizadores<\/b><\/p>\n<p>O Utilizador garante que as informa\u00e7\u00f5es, materiais, conte\u00fados ou observa\u00e7\u00f5es que n\u00e3o sejam os seus dados pessoais e que sejam fornecidos \u00e0 empresa atrav\u00e9s do s\u00edtio Web n\u00e3o infringem os direitos de propriedade intelectual ou industrial de terceiros, nem qualquer outra disposi\u00e7\u00e3o legal.<\/p>\n<p>As informa\u00e7\u00f5es, materiais, conte\u00fados ou observa\u00e7\u00f5es que o Utilizador fornece \u00e0 empresa s\u00e3o considerados n\u00e3o confidenciais e a empresa reserva-se o direito de os utilizar da forma que considerar mais adequada.<\/p>\n<p><b>9) Altera\u00e7\u00f5es \u00e0s condi\u00e7\u00f5es de utiliza\u00e7\u00e3o<\/b><\/p>\n<p>A empresa reserva-se o direito de modificar, desenvolver ou atualizar as condi\u00e7\u00f5es de utiliza\u00e7\u00e3o deste site a qualquer momento e sem aviso pr\u00e9vio. O Utilizador fica automaticamente vinculado \u00e0s condi\u00e7\u00f5es de utiliza\u00e7\u00e3o em vigor no momento em que acede ao s\u00edtio Web, pelo que deve ler periodicamente estas condi\u00e7\u00f5es de utiliza\u00e7\u00e3o. <\/p>\n<p><b>10) Lei aplic\u00e1vel e jurisdi\u00e7\u00e3o<\/b><\/p>\n<p>Todas as controv\u00e9rsias ou reclama\u00e7\u00f5es derivadas da interpreta\u00e7\u00e3o ou execu\u00e7\u00e3o do presente Aviso Legal e Condi\u00e7\u00f5es de Utiliza\u00e7\u00e3o reger-se-\u00e3o pela legisla\u00e7\u00e3o espanhola e ser\u00e3o submetidas \u00e0 jurisdi\u00e7\u00e3o dos Julgados e Tribunais de Sevilha.<\/p>\n\t\t\t\t\t\t<\/div>\n\t\t\t\t<\/div>\n\t\t\t\t\t<\/div>\n\t\t\t\t<\/div>\n\t\t\t\t<\/div>\n\t\t","protected":false},"excerpt":{"rendered":"<p>1) Identidade do propriet\u00e1rio do s\u00edtio Web A identidade e outras informa\u00e7\u00f5es sobre a empresa propriet\u00e1ria do s\u00edtio Web est\u00e3o indicadas na sec\u00e7\u00e3o &#8220;Informa\u00e7\u00f5es&#8221;, acess\u00edvel na p\u00e1gina inicial deste s\u00edtio Web. Doravante, a refer\u00eancia \u00e0 empresa ser\u00e1 feita para designar a empresa propriet\u00e1ria do s\u00edtio Web. 2) Aceita\u00e7\u00e3o das condi\u00e7\u00f5es de utiliza\u00e7\u00e3o O objetivo destas [&hellip;]<\/p>\n","protected":false},"author":1,"featured_media":0,"parent":0,"menu_order":0,"comment_status":"closed","ping_status":"closed","template":"elementor_header_footer","meta":{"footnotes":""},"class_list":["post-2583","page","type-page","status-publish","hentry"],"yoast_head":"<!-- This site is optimized with the Yoast SEO plugin v24.0 - https:\/\/yoast.com\/wordpress\/plugins\/seo\/ -->\n<title>Aviso legal - Caldeolive<\/title>\n<meta name=\"robots\" content=\"noindex, nofollow\" \/>\n<meta property=\"og:locale\" content=\"pt_PT\" \/>\n<meta property=\"og:type\" content=\"article\" \/>\n<meta property=\"og:title\" content=\"Aviso legal - Caldeolive\" \/>\n<meta property=\"og:description\" content=\"1) Identidade do propriet\u00e1rio do s\u00edtio Web A identidade e outras informa\u00e7\u00f5es sobre a empresa propriet\u00e1ria do s\u00edtio Web est\u00e3o indicadas na sec\u00e7\u00e3o &#8220;Informa\u00e7\u00f5es&#8221;, acess\u00edvel na p\u00e1gina inicial deste s\u00edtio Web. Doravante, a refer\u00eancia \u00e0 empresa ser\u00e1 feita para designar a empresa propriet\u00e1ria do s\u00edtio Web. 2) Aceita\u00e7\u00e3o das condi\u00e7\u00f5es de utiliza\u00e7\u00e3o O objetivo destas [&hellip;]\" \/>\n<meta property=\"og:url\" content=\"https:\/\/caldeolive.com\/pt-pt\/aviso-legal\/\" \/>\n<meta property=\"og:site_name\" content=\"Caldeolive\" \/>\n<meta property=\"article:modified_time\" content=\"2026-02-02T17:02:22+00:00\" \/>\n<meta name=\"twitter:card\" content=\"summary_large_image\" \/>\n<meta name=\"twitter:label1\" content=\"Tempo estimado de leitura\" \/>\n\t<meta name=\"twitter:data1\" content=\"8 minutos\" \/>\n<script type=\"application\/ld+json\" class=\"yoast-schema-graph\">{\"@context\":\"https:\/\/schema.org\",\"@graph\":[{\"@type\":\"WebPage\",\"@id\":\"https:\/\/caldeolive.com\/pt-pt\/aviso-legal\/\",\"url\":\"https:\/\/caldeolive.com\/pt-pt\/aviso-legal\/\",\"name\":\"Aviso legal - Caldeolive\",\"isPartOf\":{\"@id\":\"https:\/\/caldeolive.com\/pt-pt\/#website\"},\"datePublished\":\"2024-06-13T07:57:59+00:00\",\"dateModified\":\"2026-02-02T17:02:22+00:00\",\"breadcrumb\":{\"@id\":\"https:\/\/caldeolive.com\/pt-pt\/aviso-legal\/#breadcrumb\"},\"inLanguage\":\"pt-PT\",\"potentialAction\":[{\"@type\":\"ReadAction\",\"target\":[\"https:\/\/caldeolive.com\/pt-pt\/aviso-legal\/\"]}]},{\"@type\":\"BreadcrumbList\",\"@id\":\"https:\/\/caldeolive.com\/pt-pt\/aviso-legal\/#breadcrumb\",\"itemListElement\":[{\"@type\":\"ListItem\",\"position\":1,\"name\":\"Portada\",\"item\":\"https:\/\/caldeolive.com\/pt-pt\/\"},{\"@type\":\"ListItem\",\"position\":2,\"name\":\"Aviso legal\"}]},{\"@type\":\"WebSite\",\"@id\":\"https:\/\/caldeolive.com\/pt-pt\/#website\",\"url\":\"https:\/\/caldeolive.com\/pt-pt\/\",\"name\":\"Caldeolive\",\"description\":\"Web de Caldeolive\",\"publisher\":{\"@id\":\"https:\/\/caldeolive.com\/pt-pt\/#organization\"},\"potentialAction\":[{\"@type\":\"SearchAction\",\"target\":{\"@type\":\"EntryPoint\",\"urlTemplate\":\"https:\/\/caldeolive.com\/pt-pt\/?s={search_term_string}\"},\"query-input\":{\"@type\":\"PropertyValueSpecification\",\"valueRequired\":true,\"valueName\":\"search_term_string\"}}],\"inLanguage\":\"pt-PT\"},{\"@type\":\"Organization\",\"@id\":\"https:\/\/caldeolive.com\/pt-pt\/#organization\",\"name\":\"Caldeolive\",\"url\":\"https:\/\/caldeolive.com\/pt-pt\/\",\"logo\":{\"@type\":\"ImageObject\",\"inLanguage\":\"pt-PT\",\"@id\":\"https:\/\/caldeolive.com\/pt-pt\/#\/schema\/logo\/image\/\",\"url\":\"https:\/\/caldeolive.com\/wp-content\/uploads\/2024\/06\/g10.png\",\"contentUrl\":\"https:\/\/caldeolive.com\/wp-content\/uploads\/2024\/06\/g10.png\",\"width\":399,\"height\":117,\"caption\":\"Caldeolive\"},\"image\":{\"@id\":\"https:\/\/caldeolive.com\/pt-pt\/#\/schema\/logo\/image\/\"}}]}<\/script>\n<!-- \/ Yoast SEO plugin. -->","yoast_head_json":{"title":"Aviso legal - Caldeolive","robots":{"index":"noindex","follow":"nofollow"},"og_locale":"pt_PT","og_type":"article","og_title":"Aviso legal - Caldeolive","og_description":"1) Identidade do propriet\u00e1rio do s\u00edtio Web A identidade e outras informa\u00e7\u00f5es sobre a empresa propriet\u00e1ria do s\u00edtio Web est\u00e3o indicadas na sec\u00e7\u00e3o &#8220;Informa\u00e7\u00f5es&#8221;, acess\u00edvel na p\u00e1gina inicial deste s\u00edtio Web. Doravante, a refer\u00eancia \u00e0 empresa ser\u00e1 feita para designar a empresa propriet\u00e1ria do s\u00edtio Web. 2) Aceita\u00e7\u00e3o das condi\u00e7\u00f5es de utiliza\u00e7\u00e3o O objetivo destas [&hellip;]","og_url":"https:\/\/caldeolive.com\/pt-pt\/aviso-legal\/","og_site_name":"Caldeolive","article_modified_time":"2026-02-02T17:02:22+00:00","twitter_card":"summary_large_image","twitter_misc":{"Tempo estimado de leitura":"8 minutos"},"schema":{"@context":"https:\/\/schema.org","@graph":[{"@type":"WebPage","@id":"https:\/\/caldeolive.com\/pt-pt\/aviso-legal\/","url":"https:\/\/caldeolive.com\/pt-pt\/aviso-legal\/","name":"Aviso legal - Caldeolive","isPartOf":{"@id":"https:\/\/caldeolive.com\/pt-pt\/#website"},"datePublished":"2024-06-13T07:57:59+00:00","dateModified":"2026-02-02T17:02:22+00:00","breadcrumb":{"@id":"https:\/\/caldeolive.com\/pt-pt\/aviso-legal\/#breadcrumb"},"inLanguage":"pt-PT","potentialAction":[{"@type":"ReadAction","target":["https:\/\/caldeolive.com\/pt-pt\/aviso-legal\/"]}]},{"@type":"BreadcrumbList","@id":"https:\/\/caldeolive.com\/pt-pt\/aviso-legal\/#breadcrumb","itemListElement":[{"@type":"ListItem","position":1,"name":"Portada","item":"https:\/\/caldeolive.com\/pt-pt\/"},{"@type":"ListItem","position":2,"name":"Aviso legal"}]},{"@type":"WebSite","@id":"https:\/\/caldeolive.com\/pt-pt\/#website","url":"https:\/\/caldeolive.com\/pt-pt\/","name":"Caldeolive","description":"Web de Caldeolive","publisher":{"@id":"https:\/\/caldeolive.com\/pt-pt\/#organization"},"potentialAction":[{"@type":"SearchAction","target":{"@type":"EntryPoint","urlTemplate":"https:\/\/caldeolive.com\/pt-pt\/?s={search_term_string}"},"query-input":{"@type":"PropertyValueSpecification","valueRequired":true,"valueName":"search_term_string"}}],"inLanguage":"pt-PT"},{"@type":"Organization","@id":"https:\/\/caldeolive.com\/pt-pt\/#organization","name":"Caldeolive","url":"https:\/\/caldeolive.com\/pt-pt\/","logo":{"@type":"ImageObject","inLanguage":"pt-PT","@id":"https:\/\/caldeolive.com\/pt-pt\/#\/schema\/logo\/image\/","url":"https:\/\/caldeolive.com\/wp-content\/uploads\/2024\/06\/g10.png","contentUrl":"https:\/\/caldeolive.com\/wp-content\/uploads\/2024\/06\/g10.png","width":399,"height":117,"caption":"Caldeolive"},"image":{"@id":"https:\/\/caldeolive.com\/pt-pt\/#\/schema\/logo\/image\/"}}]}},"_links":{"self":[{"href":"https:\/\/caldeolive.com\/pt-pt\/wp-json\/wp\/v2\/pages\/2583","targetHints":{"allow":["GET"]}}],"collection":[{"href":"https:\/\/caldeolive.com\/pt-pt\/wp-json\/wp\/v2\/pages"}],"about":[{"href":"https:\/\/caldeolive.com\/pt-pt\/wp-json\/wp\/v2\/types\/page"}],"author":[{"embeddable":true,"href":"https:\/\/caldeolive.com\/pt-pt\/wp-json\/wp\/v2\/users\/1"}],"replies":[{"embeddable":true,"href":"https:\/\/caldeolive.com\/pt-pt\/wp-json\/wp\/v2\/comments?post=2583"}],"version-history":[{"count":2,"href":"https:\/\/caldeolive.com\/pt-pt\/wp-json\/wp\/v2\/pages\/2583\/revisions"}],"predecessor-version":[{"id":2882,"href":"https:\/\/caldeolive.com\/pt-pt\/wp-json\/wp\/v2\/pages\/2583\/revisions\/2882"}],"wp:attachment":[{"href":"https:\/\/caldeolive.com\/pt-pt\/wp-json\/wp\/v2\/media?parent=2583"}],"curies":[{"name":"wp","href":"https:\/\/api.w.org\/{rel}","templated":true}]}}